{"id":8,"date":"2017-08-09T19:56:49","date_gmt":"2017-08-09T17:56:49","guid":{"rendered":"http:\/\/qi-gong-dlb.com\/?page_id=8"},"modified":"2024-05-05T09:34:31","modified_gmt":"2024-05-05T07:34:31","slug":"a-propos-de","status":"publish","type":"page","link":"https:\/\/qi-gong-dlb.com\/index.php\/a-propos-de\/","title":{"rendered":"Danielle Lefeuvre Brul\u00e9"},"content":{"rendered":"<p>Danielle Lefeuvre Brul\u00e9<\/p>\n<p style=\"text-align: left;\"><em>avec M.Liu Deming. \u00a0 \u00a0 \u00a0 \u00a0 \u00a0 \u00a0 \u00a0 \u00a0 \u00a0 \u00a0 \u00a0 \u00a0 \u00a0 \u00a0 \u00a0 \u00a0 \u00a0 \u00a0 \u00a0 \u00a0 \u00a0 \u00a0 \u00a0 \u00a0 \u00a0 \u00a0 \u00a0 \u00a0 \u00a0 \u00a0 \u00a0 \u00a0 avec madame Liu Ya Fei \u00a0 \u00a0 \u00a0 \u00a0 \u00a0 \u00a0 \u00a0 \u00a0 \u00a0 \u00a0 \u00a0 \u00a0 \u00a0 \u00a0 \u00a0 \u00a0 \u00a0 \u00a0 \u00a0 \u00a0 \u00a0 \u00a0 \u00a0 \u00a0 \u00a0 \u00a0 \u00a0 \u00a0 \u00a0 \u00a0 \u00a0 \u00a0 \u00a0 \u00a0 \u00a0 \u00a0<\/em><\/p>\n<p style=\"text-align: left;\"><em><img loading=\"lazy\" decoding=\"async\" class=\"size-medium wp-image-38 alignleft\" src=\"http:\/\/qi-gong-dlb.com\/wp-content\/uploads\/2017\/08\/IMAG3391-168x300.jpg\" alt=\"\" width=\"168\" height=\"300\" srcset=\"https:\/\/qi-gong-dlb.com\/wp-content\/uploads\/2017\/08\/IMAG3391-168x300.jpg 168w, https:\/\/qi-gong-dlb.com\/wp-content\/uploads\/2017\/08\/IMAG3391-768x1370.jpg 768w, https:\/\/qi-gong-dlb.com\/wp-content\/uploads\/2017\/08\/IMAG3391-574x1024.jpg 574w, https:\/\/qi-gong-dlb.com\/wp-content\/uploads\/2017\/08\/IMAG3391-624x1113.jpg 624w\" sizes=\"(max-width: 168px) 100vw, 168px\" \/>\u00a0 \u00a0 <\/em><em>\u00a0 \u00a0 \u00a0 \u00a0 \u00a0 \u00a0 \u00a0 \u00a0 \u00a0 \u00a0 \u00a0 \u00a0 \u00a0 \u00a0 \u00a0 \u00a0 \u00a0 \u00a0 \u00a0 \u00a0 \u00a0 \u00a0 \u00a0 <img loading=\"lazy\" decoding=\"async\" class=\"size-medium wp-image-36 alignnone\" src=\"http:\/\/qi-gong-dlb.com\/wp-content\/uploads\/2017\/08\/IMAG3326_BURST002_COVER-168x300.jpg\" alt=\"\" width=\"168\" height=\"300\" srcset=\"https:\/\/qi-gong-dlb.com\/wp-content\/uploads\/2017\/08\/IMAG3326_BURST002_COVER-168x300.jpg 168w, https:\/\/qi-gong-dlb.com\/wp-content\/uploads\/2017\/08\/IMAG3326_BURST002_COVER-768x1370.jpg 768w, https:\/\/qi-gong-dlb.com\/wp-content\/uploads\/2017\/08\/IMAG3326_BURST002_COVER-574x1024.jpg 574w, https:\/\/qi-gong-dlb.com\/wp-content\/uploads\/2017\/08\/IMAG3326_BURST002_COVER-624x1113.jpg 624w\" sizes=\"(max-width: 168px) 100vw, 168px\" \/><\/em><\/p>\n<p>&nbsp;<\/p>\n<p>&nbsp;<\/p>\n<p>FORMATIONS :<\/p>\n<ul>\n<li style=\"text-align: left;\">Dipl\u00f4m\u00e9e de la f\u00e9d\u00e9ration de Qi Gong et art \u00e9nerg\u00e9tique ( n\u00b0 : 1303005).<\/li>\n<li style=\"text-align: left;\">Certifi\u00e9e en Qi Gong anti-\u00e2ge par l\u2019IEQG.<\/li>\n<li style=\"text-align: left;\">Dipl\u00f4m\u00e9e en Ziran Qi Gong par Me Liu Deming.<\/li>\n<li style=\"text-align: left;\">Dipl\u00f4m\u00e9e en Hui Chun Gong \u00e0 l\u2019\u00e9cole des temps du corps \u00e0 Paris ,form\u00e9e par Me Ingrid Malenfant.<\/li>\n<li style=\"text-align: left;\">Form\u00e9e au Qi Gong de la femme avec Me Liu Ya Fei.<\/li>\n<li style=\"text-align: left;\">Validation de Qi Gong Guolin ( Qi Gong contre le cancer et maladies d\u00e9g\u00e9n\u00e9ratives) \u00e0 l&rsquo;IEQG \u00a0 \u00a0Formateur : Christophe Cad\u00e8ne<\/li>\n<li style=\"text-align: left;\">Dipl\u00f4m\u00e9e par l\u2019ARS ( agence r\u00e9gionale de sant\u00e9) : \u00ab \u00e9ducateur sportif de sant\u00e9 bien \u00eatre \u00bb.<\/li>\n<li style=\"text-align: left;\">Kin\u00e9sith\u00e9rapeute retrait\u00e9e (40 ans de vie professionnelle), form\u00e9e en Sophrologie, M\u00e9thode posturale globale de Mr Souchard et en kin\u00e9 du sport.<\/li>\n<li style=\"text-align: left;\">Carte professionnelle d\u2019\u00e9ducateur sportif n\u00b0 05616ED0221.<\/li>\n<\/ul>\n<p>&nbsp;<\/p>\n<p>&nbsp;<\/p>\n<p>&nbsp;<\/p>\n<p><em>\u00a0 \u00a0 \u00a0 \u00a0 \u00a0 \u00a0 \u00a0 \u00a0 \u00a0 \u00a0 \u00a0 \u00a0 \u00a0 \u00a0 \u00a0 \u00a0 \u00a0 \u00a0 \u00a0 \u00a0 \u00a0 \u00a0 \u00a0 \u00a0 \u00a0 \u00a0 \u00a0 \u00a0 \u00a0 \u00a0 \u00a0 \u00a0<\/em><\/p>\n<p>&nbsp;<\/p>\n\n\n<p><\/p>\n\n\n\n<p><\/p>\n","protected":false},"excerpt":{"rendered":"<p>Danielle Lefeuvre Brul\u00e9 avec M.Liu Deming. \u00a0 \u00a0 \u00a0 \u00a0 \u00a0 \u00a0 \u00a0 \u00a0 \u00a0 \u00a0 \u00a0 \u00a0 \u00a0 \u00a0 \u00a0 \u00a0 \u00a0 \u00a0 \u00a0 \u00a0 \u00a0 \u00a0 \u00a0 \u00a0 \u00a0 \u00a0 \u00a0 \u00a0 \u00a0 \u00a0 \u00a0 \u00a0 avec madame Liu Ya Fei \u00a0 \u00a0 \u00a0 \u00a0 \u00a0 \u00a0 \u00a0 \u00a0 \u00a0 \u00a0 \u00a0 \u00a0 [&hellip;]<\/p>\n","protected":false},"author":1,"featured_media":0,"parent":0,"menu_order":2,"comment_status":"closed","ping_status":"closed","template":"","meta":{"footnotes":""},"_links":{"self":[{"href":"https:\/\/qi-gong-dlb.com\/index.php\/wp-json\/wp\/v2\/pages\/8"}],"collection":[{"href":"https:\/\/qi-gong-dlb.com\/index.php\/wp-json\/wp\/v2\/pages"}],"about":[{"href":"https:\/\/qi-gong-dlb.com\/index.php\/wp-json\/wp\/v2\/types\/page"}],"author":[{"embeddable":true,"href":"https:\/\/qi-gong-dlb.com\/index.php\/wp-json\/wp\/v2\/users\/1"}],"replies":[{"embeddable":true,"href":"https:\/\/qi-gong-dlb.com\/index.php\/wp-json\/wp\/v2\/comments?post=8"}],"version-history":[{"count":24,"href":"https:\/\/qi-gong-dlb.com\/index.php\/wp-json\/wp\/v2\/pages\/8\/revisions"}],"predecessor-version":[{"id":195,"href":"https:\/\/qi-gong-dlb.com\/index.php\/wp-json\/wp\/v2\/pages\/8\/revisions\/195"}],"wp:attachment":[{"href":"https:\/\/qi-gong-dlb.com\/index.php\/wp-json\/wp\/v2\/media?parent=8"}],"curies":[{"name":"wp","href":"https:\/\/api.w.org\/{rel}","templated":true}]}}