{"id":7,"date":"2017-08-09T19:56:49","date_gmt":"2017-08-09T17:56:49","guid":{"rendered":"http:\/\/qi-gong-dlb.com\/?page_id=7"},"modified":"2017-08-10T14:18:31","modified_gmt":"2017-08-10T12:18:31","slug":"accueil","status":"publish","type":"page","link":"https:\/\/qi-gong-dlb.com\/","title":{"rendered":"Accueil"},"content":{"rendered":"<p>Ce site est d\u00e9di\u00e9 aux cours et stages de qi-gong donn\u00e9s par Danielle Lefeuvre Brul\u00e9.<\/p>\n<p><img loading=\"lazy\" decoding=\"async\" class=\"alignnone  wp-image-48\" src=\"http:\/\/qi-gong-dlb.com\/wp-content\/uploads\/2017\/08\/20170810_100359-300x225.jpg\" alt=\"\" width=\"866\" height=\"650\" srcset=\"https:\/\/qi-gong-dlb.com\/wp-content\/uploads\/2017\/08\/20170810_100359-300x225.jpg 300w, https:\/\/qi-gong-dlb.com\/wp-content\/uploads\/2017\/08\/20170810_100359-768x576.jpg 768w, https:\/\/qi-gong-dlb.com\/wp-content\/uploads\/2017\/08\/20170810_100359-1024x768.jpg 1024w, https:\/\/qi-gong-dlb.com\/wp-content\/uploads\/2017\/08\/20170810_100359-624x468.jpg 624w\" sizes=\"(max-width: 866px) 100vw, 866px\" \/><\/p>\n","protected":false},"excerpt":{"rendered":"<p>Ce site est d\u00e9di\u00e9 aux cours et stages de qi-gong donn\u00e9s par Danielle Lefeuvre Brul\u00e9.<\/p>\n","protected":false},"author":1,"featured_media":0,"parent":0,"menu_order":1,"comment_status":"closed","ping_status":"closed","template":"","meta":{"footnotes":""},"_links":{"self":[{"href":"https:\/\/qi-gong-dlb.com\/index.php\/wp-json\/wp\/v2\/pages\/7"}],"collection":[{"href":"https:\/\/qi-gong-dlb.com\/index.php\/wp-json\/wp\/v2\/pages"}],"about":[{"href":"https:\/\/qi-gong-dlb.com\/index.php\/wp-json\/wp\/v2\/types\/page"}],"author":[{"embeddable":true,"href":"https:\/\/qi-gong-dlb.com\/index.php\/wp-json\/wp\/v2\/users\/1"}],"replies":[{"embeddable":true,"href":"https:\/\/qi-gong-dlb.com\/index.php\/wp-json\/wp\/v2\/comments?post=7"}],"version-history":[{"count":4,"href":"https:\/\/qi-gong-dlb.com\/index.php\/wp-json\/wp\/v2\/pages\/7\/revisions"}],"predecessor-version":[{"id":49,"href":"https:\/\/qi-gong-dlb.com\/index.php\/wp-json\/wp\/v2\/pages\/7\/revisions\/49"}],"wp:attachment":[{"href":"https:\/\/qi-gong-dlb.com\/index.php\/wp-json\/wp\/v2\/media?parent=7"}],"curies":[{"name":"wp","href":"https:\/\/api.w.org\/{rel}","templated":true}]}}