{"id":163,"date":"2024-05-05T08:26:11","date_gmt":"2024-05-05T06:26:11","guid":{"rendered":"http:\/\/qi-gong-dlb.com\/?page_id=163"},"modified":"2024-08-06T09:49:18","modified_gmt":"2024-08-06T07:49:18","slug":"methode-guolin-contre-le-cancer","status":"publish","type":"page","link":"https:\/\/qi-gong-dlb.com\/index.php\/methode-guolin-contre-le-cancer\/","title":{"rendered":"M\u00e9thode Guolin contre le cancer"},"content":{"rendered":"<div class=\"wp-block-image\">\n<figure class=\"aligncenter size-full is-resized\"><img loading=\"lazy\" decoding=\"async\" width=\"233\" height=\"216\" src=\"http:\/\/qi-gong-dlb.com\/wp-content\/uploads\/2024\/05\/mme-guolin.jpg\" alt=\"\" class=\"wp-image-164\" style=\"width:380px;height:auto\"\/><\/figure><\/div>\n\n\n<p>Madame Guolin s&rsquo;est gu\u00e9rie d&rsquo;un cancer grave par sa m\u00e9thode bas\u00e9e sur la d\u00e9tente et l&rsquo;hyper-oxyg\u00e9nation des cellules. Les cellules canc\u00e9reuses se d\u00e9veloppent quand le corps manque d&rsquo;oxyg\u00e8ne.<\/p>\n","protected":false},"excerpt":{"rendered":"<p>Madame Guolin s&rsquo;est gu\u00e9rie d&rsquo;un cancer grave par sa m\u00e9thode bas\u00e9e sur la d\u00e9tente et l&rsquo;hyper-oxyg\u00e9nation des cellules. Les cellules canc\u00e9reuses se d\u00e9veloppent quand le corps manque d&rsquo;oxyg\u00e8ne.<\/p>\n","protected":false},"author":1,"featured_media":0,"parent":0,"menu_order":0,"comment_status":"closed","ping_status":"closed","template":"","meta":{"footnotes":""},"_links":{"self":[{"href":"https:\/\/qi-gong-dlb.com\/index.php\/wp-json\/wp\/v2\/pages\/163"}],"collection":[{"href":"https:\/\/qi-gong-dlb.com\/index.php\/wp-json\/wp\/v2\/pages"}],"about":[{"href":"https:\/\/qi-gong-dlb.com\/index.php\/wp-json\/wp\/v2\/types\/page"}],"author":[{"embeddable":true,"href":"https:\/\/qi-gong-dlb.com\/index.php\/wp-json\/wp\/v2\/users\/1"}],"replies":[{"embeddable":true,"href":"https:\/\/qi-gong-dlb.com\/index.php\/wp-json\/wp\/v2\/comments?post=163"}],"version-history":[{"count":3,"href":"https:\/\/qi-gong-dlb.com\/index.php\/wp-json\/wp\/v2\/pages\/163\/revisions"}],"predecessor-version":[{"id":206,"href":"https:\/\/qi-gong-dlb.com\/index.php\/wp-json\/wp\/v2\/pages\/163\/revisions\/206"}],"wp:attachment":[{"href":"https:\/\/qi-gong-dlb.com\/index.php\/wp-json\/wp\/v2\/media?parent=163"}],"curies":[{"name":"wp","href":"https:\/\/api.w.org\/{rel}","templated":true}]}}